{"id":987,"date":"2022-01-21T11:47:17","date_gmt":"2022-01-21T10:47:17","guid":{"rendered":"https:\/\/www.bostonalba.it\/?page_id=987"},"modified":"2026-02-26T15:01:05","modified_gmt":"2026-02-26T14:01:05","slug":"dove-siamo","status":"publish","type":"page","link":"https:\/\/www.bostonalba.it\/de\/dove-siamo\/","title":{"rendered":"Wo wir sind"},"content":{"rendered":"<section class=\"wao-blocks-container container-fluid mb-0 my-5\"\n\t\t>\n    \n<div class=\"wao-blocks-row row justify-content-center\" >\n    \n\n<div class=\"col-12 col-lg-1\"\n     \n\t \n\t>\n            <\/div>\n\n\n<div class=\"col-12 col-md-8\"\n     \n\t \n\t>\n        \n<div class=\"px-3\">\n\n\n<div class=\"breadcrumb-block\"\n    >\n    <div class=\"text-tertiary small\">\n        <a href=\"https:\/\/www.bostonalba.it\/de\" rel=\"nofollow\" title=\"Home\">Home &gt;<\/a>\n        Dove siamo    <\/div>\n<\/div>\n\n<\/div>\n    <\/div>\n<\/div>\n<\/section>\n\n<section class=\"wao-blocks-container container-fluid mb-5\"\n\t\t>\n    \n<div class=\"wao-blocks-row row justify-content-center\" >\n    \n\n<div class=\"col-12 col-lg-1\"\n     \n\t \n\t>\n            <\/div>\n\n\n<div class=\"col-12 col-lg-8\"\n     \n\t \n\t>\n        \n<div class=\"px-3\">\n\n\n<h1 class=\"wp-block-heading mb-md-2\">Raggiungerci \u00e8 semplice<\/h1>\n\n\n\n<h2 class=\"wp-block-heading h3 mb-md-2\">Siamo a due passi dal mare<\/h2>\n\n\n<div class=\"ico-linea  my-md-3 d-none d-md-block  js--hideme\" data-anim=\"fadeInLeft\"  style=\"\"><\/div>\n\n\n<p>L\u2019Hotel Boston si trova in una <strong>posizione strategica e funzionale<\/strong>: oltre al mare vicinissimo, potete fare una piacevole passeggiata sul bellissimo lungomare e godervi la brezza marina, ottima compagna durante le caldi serate d'estate.<\/p>\n\n\n\n<p>Da Alba Adriatica \u00e8 possibile raggiungere le altre \u201c<strong>sorelle<\/strong>\u201d, ossia le spiagge pi\u00f9 belle e pi\u00f9 amate di tutta la costa abruzzese! Inoltre sar\u00e0 bellissimo organizzare una gita per raggiungere le <strong>numerose oasi naturali<\/strong> dell\u2019Abruzzo, come il Parco nazionale del Gran Sasso e Monti della Laga.<br>L\u2019Abruzzo \u00e8 natura e tanta bellezza, <a href=\"https:\/\/www.bostonalba.it\/territorio\/\" data-type=\"URL\" data-id=\"https:\/\/www.bostonalba.it\/territorio\/\">venite a scoprirlo<\/a><\/p>\n\n\n\n<p>Raggiungerci \u00e8 molto semplice:<\/p>\n\n\n<\/div>\n    <\/div>\n<\/div>\n<\/section>\n\n<section class=\"wao-blocks-container container-fluid mb-0 py-5 g--bkg-light-02\"\n\t\t>\n    \n<div class=\"wao-blocks-row row my-5 l--equal-h\" >\n    \n\n<div class=\"col-12 col-md-6 bkg-pallini-lt px-md-5 px-3 g--bkg-light-04\"\n     \n\t \n\tdata-cof=\"true\"\n    data-cof-rule=\"border-left, 0, 0, 0, 2rem solid #d5ebeb, 2rem solid #d5ebeb\" >\n        \n<div class=\"my-4 p-3\">\n\n\n<h2 class=\"wp-block-heading mb-md-2\">In treno<\/h2>\n\n\n<div class=\"ico-linea  my-md-3 d-none d-md-block  js--hideme\" data-anim=\"fadeInLeft\"  style=\"\"><\/div>\n\n\n<p>La <strong>stazione<\/strong> di Alba Adriatica dista soli <strong>pochi minuti <\/strong>dal nostro hotel, che potrete raggiungere anche a piedi, percorrendo poco pi\u00f9 di un chilometro.<\/p>\n\n\n\n<p>Vi baster\u00e0 prendere viale Regina Margherita di fronte alla stazione e, al semaforo, proseguire dritto in viale Vittoria. Percorretelo fino alla fine e vi troverete sul Lungomare Marconi: ora girate a destra, noi vi aspettiamo al numero civico 102.<\/p>\n\n\n<\/div>\n    <\/div>\n\n\n<div class=\"col-12 col-md-6 p-0\"\n     \n\t \n\t>\n        \n    <figure\n        class=\"wao-blocks-immagine-bkg w-100 h-100\"\n        style=\"background: url('https:\/\/www.bostonalba.it\/wp-content\/uploads\/2022\/01\/treno-1024x628.jpg') center center \/ cover no-repeat; min-height: 350px;\"\n        >\n            <\/figure>\n\n    <\/div>\n<\/div>\n\n<div class=\"wao-blocks-row row\" >\n    \n\n<div class=\"col-12 col-md-6 order-lg-1 order-2 p-0 js--hideme \"\n    data-anim=\"bounceInLeft\"\n     \n\t \n\tdata-cof=\"true\"\n    data-cof-rule=\"z-index, auto,auto,auto,110,100\" >\n        \n    <figure\n        class=\"wao-blocks-immagine-bkg w-100 h-100\"\n        style=\"background: url('https:\/\/www.bostonalba.it\/wp-content\/uploads\/2022\/01\/autostrada-1024x683.jpg') center center \/ cover no-repeat; min-height: 500px;\"\n        >\n            <\/figure>\n\n    <\/div>\n\n\n<div class=\"col-12 col-md-6 bkg-pallini-rt p-md-5 p-3 g--bkg-light-04  order-lg-2 order-1\"\n     \n\t \n\tdata-cof=\"true\"\n    data-cof-rule=\"border-right, 0, 0, 0, 2rem solid #d5ebeb, 2rem solid #d5ebeb\" >\n        \n<div class=\"px-3\">\n\n\n<h2 class=\"wp-block-heading mb-md-2\">In auto dall\u2019autostrada A14<\/h2>\n\n\n<div class=\"ico-linea  my-md-3 d-none d-md-block  js--hideme\" data-anim=\"fadeInRight\"  style=\"\"><\/div>\n\n\n<p>In All\u2019uscita dell\u2019Autostrada A14, \u201cVal Vibrata\u201d, alla rotonda prendete la terza uscita, imboccando via Risorgimento\/SP259. Dopo circa un chilometro, alla rotonda successiva, prendete la prima uscita per imboccare la SS16.<br>Al semaforo, girate a destra in via Maternit\u00e0 e poi procedete dritto su viale Mazzini fino ad arrivare al lungomare Marconi. Svoltate poi a destra: il nostro hotel si trova al numero civico 102.<\/p>\n\n\n<\/div>\n    <\/div>\n<\/div>\n<\/section>\n\n<section class=\"wao-blocks-container container-fluid mb-0 g--bkg-light-02  p-md-0\"\n\t\t>\n    \n<div class=\"wao-blocks-row row\" >\n    \n\n<div class=\"col-12\"\n     \n\t \n\t>\n        \n<iframe class=\"js--lazy-load\" data-src=\"https:\/\/www.google.com\/maps\/embed?pb=!1m18!1m12!1m3!1d2925.978816579878!2d13.93088991626501!3d42.83106127915836!2m3!1f0!2f0!3f0!3m2!1i1024!2i768!4f13.1!3m3!1m2!1s0x13318cdcb633513d%3A0x7c38b8f6724429fd!2sHotel%20Boston!5e0!3m2!1sit!2sit!4v1642444246492!5m2!1sit!2sit\" width=\"100%\" height=\"500\" frameborder=\"0\" style=\"border:0;\" allowfullscreen=\"\" aria-hidden=\"false\" tabindex=\"0\"><\/iframe>\n    <\/div>\n<\/div>\n<\/section>\n\n<section class=\"wao-blocks-container container-fluid mb-2 g--bkg-dark-03\"\n\t\t>\n    \n<div class=\"wao-blocks-row row\" >\n    \n\n<div class=\"col-12 col-md-12 py-4\"\n     \n\t \n\t>\n        \n\n<h2 class=\"wp-block-heading has-text-align-center text-white mb-4\">Richiedi un preventivo<\/h2>\n\n\n<div class=\"mx-auto\" style=\"max-width: 992px;\">\n\n\n<div class=\"merida_root\" id=\"merida_block\"><\/div>\n\n<script>\nvar merida_config_merida_block = {\n    customerId: 359 ,\n    showSuccessModal : true,\n    rootEl: \"merida_block\",\n    childrenAgeMax: 16,\n    childrenAgeMin: 0,\n    layout: \"compact\",\n    language: \"de\",\n                theme : {\n        colors: {\n            primary: '#f8af0a',\n            primaryTextAlt: '#ffffff',\n            secondary: '#30819c',\n            secondaryTextAlt: '#ffffff',\n            text: '#30819c',\n            error: '#cc0033',\n            formBackground: '#8ac6c9',\n            label: '#ffffff',\n            labelInput: '#30819c',\n            labelInputActive: '#7ebd6d',\n            inputBackground: '#ffffff',\n            inputBorder: '#ffffff',\n            checkboxBorder: '#ffffff',\n        }\n    },\n    onSuccess : function(res) {\n        \n                        if (typeof(ga) !== 'undefined') {\n                   ga('send', 'event', 'Email', 'Invio', 'Form');\n                }\n                    }\n};\n\n(function(url, cb) {\n    var s = document.createElement(\"script\");\n    s.type = \"text\/javascript\";\n\n    if (s.readyState) { \/\/IE\n        s.onreadystatechange = function() {\n            if (s.readyState == \"loaded\" || s.readyState == \"complete\") {\n                s.onreadystatechange = null;\n                cb();\n            }\n        };\n    } else { \/\/Others\n        s.onload = function() {\n            cb();\n        };\n    }\n\n    s.src = url;\n    document.getElementsByTagName(\"head\")[0].appendChild(s);\n})(\"https:\/\/static.adriasonline.it\/merida\/latest\/merida.js\", function() {\n    window.aoForm = merida(merida_config_merida_block);\n});\n<\/script>\n\n<\/div>\n    <\/div>\n<\/div>\n<\/section>","protected":false},"excerpt":{"rendered":"","protected":false},"author":1,"featured_media":0,"parent":0,"menu_order":0,"comment_status":"closed","ping_status":"closed","template":"","meta":{"footnotes":""},"class_list":["post-987","page","type-page","status-publish","hentry"],"_links":{"self":[{"href":"https:\/\/www.bostonalba.it\/de\/wp-json\/wp\/v2\/pages\/987","targetHints":{"allow":["GET"]}}],"collection":[{"href":"https:\/\/www.bostonalba.it\/de\/wp-json\/wp\/v2\/pages"}],"about":[{"href":"https:\/\/www.bostonalba.it\/de\/wp-json\/wp\/v2\/types\/page"}],"author":[{"embeddable":true,"href":"https:\/\/www.bostonalba.it\/de\/wp-json\/wp\/v2\/users\/1"}],"replies":[{"embeddable":true,"href":"https:\/\/www.bostonalba.it\/de\/wp-json\/wp\/v2\/comments?post=987"}],"version-history":[{"count":9,"href":"https:\/\/www.bostonalba.it\/de\/wp-json\/wp\/v2\/pages\/987\/revisions"}],"predecessor-version":[{"id":1931,"href":"https:\/\/www.bostonalba.it\/de\/wp-json\/wp\/v2\/pages\/987\/revisions\/1931"}],"wp:attachment":[{"href":"https:\/\/www.bostonalba.it\/de\/wp-json\/wp\/v2\/media?parent=987"}],"curies":[{"name":"wp","href":"https:\/\/api.w.org\/{rel}","templated":true}]}}