{"id":1018,"date":"2022-01-21T14:39:05","date_gmt":"2022-01-21T13:39:05","guid":{"rendered":"https:\/\/www.bostonalba.it\/?page_id=1018"},"modified":"2026-02-26T15:03:16","modified_gmt":"2026-02-26T14:03:16","slug":"territorio","status":"publish","type":"page","link":"https:\/\/www.bostonalba.it\/fr\/territorio\/","title":{"rendered":"Nos terres"},"content":{"rendered":"\n<section class=\"container-fluid js--lazy-load wao-blocks-gallery-slider-flickity h-100 gallery-flickity-74739\" >\n    <article class=\"row\">\n        <div class=\"col-sm-12 p-0 position-relative\">\n            <section class=\"container-fluid js--lazy-load\">\n                <article class=\"row\">\n                    <div class=\"col-sm-12 p-0 position-relative\">\n                        <div class=\"js--flickity l--vh-60-md\" data-cellAlign=\"left\" data-bgLazyLoad=\"1\" data-freeScroll=\"true\" data-wrapAround=\"true\" data-autoPlay=\"2000\" data-pauseAutoPlayOnHover =\"true\" data-prevNextButtons=\"false\" data-contain=\"true\" data-pageDots=\"false\" data-draggable=\"true\" data-groupCells=\"110%\" data-fade=\"true\">\n                                                            <div>\n                                    <div style=\"background: url('https:\/\/www.bostonalba.it\/wp-content\/uploads\/2022\/01\/territorio.jpg') center center \/ cover no-repeat rgba(36, 62, 88, 0.5); display: block; width: 100vw;\" class=\"l--vh-60-md \"><\/div>\n                                <\/div>\n                            \n                        <\/div>\n                        <div class=\"position-absolute l--top l--bottom mx-auto l--align-middle-vertical\">\n                            <div class=\"text-over-slider animated zoomIn\" data-anim=\"zoomIn\" data-cof=\"true\" data-cof-rule=\"font-size, 2rem, 2.5rem, 2.5rem, 3rem, 3rem\">\n                                                            <\/div>\n                                                            <div class=\"h-100 w-100 d-flex align-items-start justify-content-center\" style=\"background: rgba(36,62,88,0.5)\" data-cof=\"true\" data-cof-rule=\"font-size, 2rem, 2.5rem, 2.5rem, 3rem, 3rem\">\n                                    <div class=\"position-absolute d-none d-md-block l--bottom js--hideme slogan_home mb-4\" data-anim=\"fadeInUp\" style=\"z-index:1\">\n  <div class=\"text-white h3 display-1\">Alla scoperta dell\u2019Abruzzo<\/div>\n<\/div>                                                                    <\/div>\n                                                    <\/div>\n                    <\/div>\n                <\/article>\n            <\/section>\n        <\/div>\n    <\/article>\n<\/section>\n\n<section class=\"wao-blocks-container container-fluid mb-0 my-5\"\n\t\t>\n    \n<div class=\"wao-blocks-row row justify-content-center\" >\n    \n\n<div class=\"col-12 col-lg-1\"\n     \n\t \n\t>\n            <\/div>\n\n\n<div class=\"col-12 col-md-8\"\n     \n\t \n\t>\n        \n<div class=\"px-3\">\n\n\n<div class=\"breadcrumb-block\"\n    >\n    <div class=\"text-tertiary small\">\n        <a href=\"https:\/\/www.bostonalba.it\/fr\" rel=\"nofollow\" title=\"Home\">Home &gt;<\/a>\n        La nostra terra    <\/div>\n<\/div>\n\n<\/div>\n    <\/div>\n<\/div>\n<\/section>\n\n<section class=\"wao-blocks-container container-fluid mb-5\"\n\t\t>\n    \n<div class=\"wao-blocks-row row justify-content-center\" >\n    \n\n<div class=\"col-12 col-lg-1\"\n     \n\t \n\t>\n            <\/div>\n\n\n<div class=\"col-12 col-lg-8\"\n     \n\t \n\t>\n        \n<div class=\"px-3\">\n\n\n<h1 class=\"wp-block-heading mb-md-2\">Meraviglie tra mare e monti<\/h1>\n\n\n\n<h2 class=\"wp-block-heading h3 mb-md-2\">Dove la natura \u00e8 protagonista<\/h2>\n\n\n<div class=\"ico-linea  my-md-3 d-none d-md-block  js--hideme\" data-anim=\"fadeInLeft\"  style=\"\"><\/div>\n\n\n<p>L'Abruzzo, oltre alle localit\u00e0 costiere ricche di servizi, offre incantevoli paesaggi e una natura selvaggia degna della fama europea ottenuta. Ogni anno infatti l'Abruzzo ospita turisti da tutta Europa in visita ai bellissimi <strong>parchi nazionali<\/strong>, alle numerose <strong>riserve statali e regionali<\/strong>, ma anche a caratteristici <strong>borghi e citt\u00e0 d\u2019arte<\/strong>.<\/p>\n\n\n<\/div>\n    <\/div>\n<\/div>\n<\/section>\n\n<section class=\"wao-blocks-container container-fluid mb-0 py-5 g--bkg-light-02\"\n\t\t>\n    \n<div class=\"wao-blocks-row row l--equal-h\" >\n    \n\n<div class=\"col-12 col-md-6 order-lg-1 order-2 p-0\"\n     \n\t \n\tdata-cof=\"true\"\n    data-cof-rule=\"z-index, auto,auto,auto,110,100|min-height, 300px, 300px, 300px, 300px, 300px\" >\n        \n\n<div class=\"js--flickity wao-blocks-img-carousel-flickity w-100 h-100 arrow_slider img-carousel-flickity-74474\"\n        data-cellAlign=\"right\" data-bgLazyLoad=\"1\" data-freeScroll=\"false\" data-wrapAround=\"true\" data-autoPlay=\"4000\" data-pauseAutoPlayOnHover =\"true\" data-prevNextButtons=\"true\" data-contain=\"true\" data-pageDots=\"false\" data-draggable=\"true\" data-initialIndex=\"1\"     >\n                <div class=\"col-12 col-sm-12 col-md-12 p-0 h-100\">\n                                                <div class=\"w-100\" style='background: url(https:\/\/www.bostonalba.it\/wp-content\/uploads\/2022\/01\/campotosto-2156733-1024x640.jpg); background-size: cover; height: 100%;background-position: 50% 50%;'><\/div>\n                    <\/a>                            \n\n                                            <\/div>\n                        <div class=\"col-12 col-sm-12 col-md-12 p-0 h-100\">\n                                                <div class=\"w-100\" style='background: url(https:\/\/www.bostonalba.it\/wp-content\/uploads\/2022\/01\/crocuses-1342162-1024x685.jpg); background-size: cover; height: 100%;background-position: 50% 50%;'><\/div>\n                    <\/a>                            \n\n                                            <\/div>\n                        <div class=\"col-12 col-sm-12 col-md-12 p-0 h-100\">\n                                                <div class=\"w-100\" style='background: url(https:\/\/www.bostonalba.it\/wp-content\/uploads\/2022\/01\/wolf-2106894-1024x605.jpg); background-size: cover; height: 100%;background-position: 50% 50%;'><\/div>\n                    <\/a>                            \n\n                                            <\/div>\n            <\/div>\n\n\n    <\/div>\n\n\n<div class=\"col-12 col-md-6 bkg-pallini-rb px-md-5 px-3 g--bkg-light-04  order-lg-2 order-1\"\n     \n\t \n\tdata-cof=\"true\"\n    data-cof-rule=\"border-right, 0, 0, 0, 2rem solid #d5ebeb, 2rem solid #d5ebeb\" >\n        \n<div class=\"my-4 p-3\">\n\n\n<h2 class=\"wp-block-heading mb-md-2\">Parco del Gran Sasso e Monti della Laga<\/h2>\n\n\n<div class=\"ico-linea  my-md-3 d-none d-md-block  js--hideme\" data-anim=\"fadeInRight\"  style=\"\"><\/div>\n\n\n<p>Il parco pi\u00f9 famoso \u00e8 sicuramente il <strong>Parco nazionale del Gran Sasso e Monti della Laga<\/strong>: istituito nel 1991 \u00e8 il terzo per estensione in Italia toccando 3 regioni e 5 differenti province.<\/p>\n\n\n\n<p>Tre sono i gruppi montuosi al suo interno: la catena del Gran Sasso, i Monti della Laga e i monti Gemelli.<\/p>\n\n\n\n<p>Nel parco vivono circa 2300 specie vegetali superiori, un quinto dell'intera flora europea, e pi\u00f9 di un terzo del patrimonio floristico italiano.<\/p>\n\n\n\n<p>La <strong>grande variet\u00e0 biologica<\/strong> del Parco si trova anche nelle foreste che ne ricoprono circa met\u00e0 del territorio: sono presenti <strong>diverse tipologie boschive<\/strong>, tra cui leccete, quercete, cerrete, orno-ostrieti, pioppete a pioppo tremulo, castagneti e faggete.<\/p>\n\n\n\n<p>Nel parco \u00e8 presente poi la <strong>Grande Fauna<\/strong> tra cui il camoscio d'Abruzzo, il lupo appenninico e l'orso bruno marsicano.<\/p>\n\n\n<\/div>\n    <\/div>\n<\/div>\n\n<div class=\"wao-blocks-row row my-5 l--equal-h\" >\n    \n\n<div class=\"col-12 col-md-6 bkg-pallini-lt px-md-5 px-3 g--bkg-light-04\"\n     \n\t \n\tdata-cof=\"true\"\n    data-cof-rule=\"border-left, 0, 0, 0, 2rem solid #d5ebeb, 2rem solid #d5ebeb\" >\n        \n<div class=\"p-3\">\n\n\n<h2 class=\"wp-block-heading mb-md-2\">Gole del Salinello: una cartolina dalla natura<\/h2>\n\n\n<div class=\"ico-linea  my-md-3 d-none d-md-block  js--hideme\" data-anim=\"fadeInLeft\"  style=\"\"><\/div>\n\n\n<p>Nel Parco Nazionale del Gran Sasso e Monti della Laga, ai piedi dei Monti Gemelli si aprono le bellissime <strong>Gole del Salinello<\/strong>, \u201ccostruite\u201d nel tempo dallo scorrere del fiume omonimo.<\/p>\n\n\n\n<p>Le Gole si raccontano visivamente con l\u2019intensit\u00e0 dei colori delle rocce e della ricchissima <strong>vegetazione<\/strong>: oltre alla presenza di tante variet\u00e0 di alberi, il panorama viene reso ancora pi\u00f9 ricco dalla delicatezza di fiori come le <strong>stelle alpine<\/strong> e dalle bellissime tonalit\u00e0 cromatiche delle <strong>orchidee <\/strong>di montagna.<\/p>\n\n\n\n<p>Con la sua bellezza senza filtri, le Gole del Salinello sono ideali per un\u2019escursione circondati dalle acque limpide che si tuffano dalle alte pareti, creando meravigliose cascate, torrenti e laghetti. I pi\u00f9 esperti avranno l'occasione di fare<strong> canyoning<\/strong>, provando l\u2019emozione di immergersi completamente nella natura, assaporando, istante per istante, l\u2019emozione senza confini di un\u2019esperienza indimenticabile.<\/p>\n\n\n<\/div>\n    <\/div>\n\n\n<div class=\"col-12 col-md-6 p-0\"\n     \n\t \n\tdata-cof=\"true\"\n    data-cof-rule=\"min-height, 300px, 300px, 300px, 300px, 300px\" >\n        \n\n<div class=\"js--flickity wao-blocks-img-carousel-flickity w-100 h-100 arrow_slider img-carousel-flickity-35944\"\n        data-cellAlign=\"right\" data-bgLazyLoad=\"1\" data-freeScroll=\"false\" data-wrapAround=\"true\" data-autoPlay=\"4000\" data-pauseAutoPlayOnHover =\"true\" data-prevNextButtons=\"true\" data-contain=\"true\" data-pageDots=\"false\" data-draggable=\"true\" data-initialIndex=\"1\"     >\n                <div class=\"col-12 col-sm-12 col-md-12 p-0 h-100\">\n                                                <div class=\"w-100\" style='background: url(https:\/\/www.bostonalba.it\/wp-content\/uploads\/2022\/01\/gole_a-1024x684.jpg); background-size: cover; height: 100%;background-position: 50% 50%;'><\/div>\n                    <\/a>                            \n\n                                            <\/div>\n                        <div class=\"col-12 col-sm-12 col-md-12 p-0 h-100\">\n                                                <div class=\"w-100\" style='background: url(https:\/\/www.bostonalba.it\/wp-content\/uploads\/2022\/01\/stelle_alpine-1024x768.jpg); background-size: cover; height: 100%;background-position: 50% 50%;'><\/div>\n                    <\/a>                            \n\n                                            <\/div>\n                        <div class=\"col-12 col-sm-12 col-md-12 p-0 h-100\">\n                                                <div class=\"w-100\" style='background: url(https:\/\/www.bostonalba.it\/wp-content\/uploads\/2022\/01\/orchidee_montagna_2-576x1024.jpg); background-size: cover; height: 100%;background-position: 50% 50%;'><\/div>\n                    <\/a>                            \n\n                                            <\/div>\n            <\/div>\n\n\n    <\/div>\n<\/div>\n\n<div class=\"wao-blocks-row row l--equal-h\" >\n    \n\n<div class=\"col-12 col-md-6 order-lg-1 order-2 p-0 js--hideme \"\n    data-anim=\"bounceInLeft\"\n     \n\t \n\tdata-cof=\"true\"\n    data-cof-rule=\"z-index, auto,auto,auto,110,100\" >\n        \n    <figure\n        class=\"wao-blocks-immagine-bkg w-100 h-100\"\n        style=\"background: url('https:\/\/www.bostonalba.it\/wp-content\/uploads\/2022\/01\/grotte_stalattiti-1024x680.jpg') center center \/ cover no-repeat; min-height: 350px;\"\n        >\n            <\/figure>\n\n    <\/div>\n\n\n<div class=\"col-12 col-md-6 bkg-pallini-rb px-md-5 px-3 g--bkg-light-04  order-lg-2 order-1\"\n     \n\t \n\tdata-cof=\"true\"\n    data-cof-rule=\"border-right, 0, 0, 0, 2rem solid #d5ebeb, 2rem solid #d5ebeb\" >\n        \n<div class=\"my-4 p-3\">\n\n\n<h2 class=\"wp-block-heading mb-md-2\">Grotte di Stiffe: un luogo incantato<\/h2>\n\n\n<div class=\"ico-linea  my-md-3 d-none d-md-block  js--hideme\" data-anim=\"fadeInRight\"  style=\"\"><\/div>\n\n\n<p>Le<strong> Grotte di Stiffe<\/strong> sono una \u201crisorgenza\u201d, cio\u00e8 il punto in cui un fiume torna alla luce dopo un tratto sotterraneo; nel caso di Stiffe questo avviene all\u2019apice della gola che sovrasta il piccolo paese omonimo.<\/p>\n\n\n\n<p>Appena entrati nella grotta sarete avvolti da un <strong>ambiente inusuale<\/strong>: la temperatura fresca ed i giochi di luce trascinano la mente indietro nel tempo, mentre le gocce che cadono ricreano il fenomeno che ha dato forma alle singolari <strong>stalattiti<\/strong> e <strong>stalagmiti<\/strong>. La vista si concentra sull\u2019acqua che spumeggia contro il sentiero sotto i vostri piedi, e il fiume fa da guida sonora dall\u2019ingresso della grotta, nascondendosi quel tanto che basta per qualche attimo di silenzio, per poi tornare ad esibirsi con tutta la sua potenza, precipitando con una splendida <strong>cascata<\/strong>.<\/p>\n\n\n\n<p>In prossimit\u00e0 della grotta \u00e8 possibile ammirare <strong>uno degli angoli pi\u00f9 belli di tutto l\u2019Abruzzo<\/strong>: da una parte la conca aquilana, dominata dalla imponente catena del Gran Sasso, dall\u2019altra lo guardo s\u2019inerpica sulla parete rocciosa che sovrasta l\u2019ingresso della grotta, e si perde nella florida vegetazione della gola, attraversata da sentieri perfettamente percorribili.<\/p>\n\n\n<\/div>\n    <\/div>\n<\/div>\n\n<div class=\"wao-blocks-row row my-5 l--equal-h\" >\n    \n\n<div class=\"col-12 col-md-6 bkg-pallini-lt px-md-5 px-3 g--bkg-light-04\"\n     \n\t \n\tdata-cof=\"true\"\n    data-cof-rule=\"border-left, 0, 0, 0, 2rem solid #d5ebeb, 2rem solid #d5ebeb\" >\n        \n<div class=\"p-3\">\n\n\n<h2 class=\"wp-block-heading mb-md-2\">Pescara: sulle orme di Gabriele D\u2019Annunzio<\/h2>\n\n\n<div class=\"ico-linea  my-md-3 d-none d-md-block  js--hideme\" data-anim=\"fadeInLeft\"  style=\"\"><\/div>\n\n\n<p>Scoprite <strong>Pescara<\/strong>, il capoluogo di regione, chiamata anche \u201cCitt\u00e0 del Vate\u201d ossia del sommo poeta Gabriele d\u2019Annunzio, dove cultura e natura si fondono tra le vie del centro storico e oasi naturali nella costa pescarese.<\/p>\n\n\n\n<p>La prima tappa \u00e8 senza dubbio la sua <strong>casa, trasformata in un museo<\/strong>, al cui interno sono conservati documenti e molti altri oggetti appartenuti al poeta, il tutto immerso in un'atmosfera ottocentesca e sfarzosa.<\/p>\n\n\n\n<p>Godetevi piacevoli momenti di relax, con una passeggiata nel verde della <strong>Riserva Naturale Pineta D\u2019Annunziana<\/strong>. La Riserva \u00e8 uno dei polmoni verdi della Regione, con tanti sentieri che si intrecciano tra incredibili bellezze della natura. Un luogo ideale per trascorrere <strong>qualche ora di tranquillit\u00e0<\/strong> lontano dal caos della citt\u00e0, dove si pu\u00f2 fare jogging, giocare con i bambini, oppure andare in bicicletta. All'interno della riserva \u00e8 presente anche un lago, che ospita tartarughe, cigni e papere e l'ex opificio dell\u2019Aurum, un antico liquore abruzzese.<\/p>\n\n\n<\/div>\n    <\/div>\n\n\n<div class=\"col-12 col-md-6 p-0\"\n     \n\t \n\t>\n        \n\n<div class=\"js--flickity wao-blocks-img-carousel-flickity w-100 h-100 arrow_slider no-drag-fix-img-carousel-flickity-26737  img-carousel-flickity-26737\"\n    data-cof=\"true\" data-cof-rule=\"min-height, 300px, 300px, 300px, 300px, 300px\"     data-cellAlign=\"right\" data-bgLazyLoad=\"1\" data-freeScroll=\"false\" data-wrapAround=\"false\" data-autoPlay=\"4000\" data-pauseAutoPlayOnHover =\"true\" data-prevNextButtons=\"true\" data-contain=\"true\" data-pageDots=\"false\" data-draggable=\"true\" data-initialIndex=\"1\"     >\n                <div class=\"col-12 col-sm-12 col-md-12 p-0 h-100\">\n                                                <div class=\"w-100\" style='background: url(https:\/\/www.bostonalba.it\/wp-content\/uploads\/2022\/01\/pineta_foresta.jpg); background-size: cover; height: 100%;background-position: 50% 50%;'><\/div>\n                    <\/a>                            \n\n                                            <\/div>\n            <\/div>\n\n\n    <\/div>\n<\/div>\n\n<div class=\"wao-blocks-row row l--equal-h\" >\n    \n\n<div class=\"col-12 col-md-6 order-lg-1 order-2 p-0\"\n     \n\t \n\tdata-cof=\"true\"\n    data-cof-rule=\"z-index, auto,auto,auto,110,100\" >\n        \n    <figure\n        class=\"wao-blocks-immagine-bkg w-100 h-100\"\n        style=\"background: url('https:\/\/www.bostonalba.it\/wp-content\/uploads\/2022\/01\/calanchi.jpg') center center \/ cover no-repeat; min-height: 350px;\"\n        >\n            <\/figure>\n\n    <\/div>\n\n\n<div class=\"col-12 col-md-6 bkg-pallini-rb px-md-5 px-3 g--bkg-light-04  order-lg-2 order-1\"\n     \n\t \n\tdata-cof=\"true\"\n    data-cof-rule=\"border-right, 0, 0, 0, 2rem solid #d5ebeb, 2rem solid #d5ebeb\" >\n        \n<div class=\"my-4 p-3\">\n\n\n<h2 class=\"wp-block-heading mb-md-2\">Atri: tra calanchi e arte<\/h2>\n\n\n<div class=\"ico-linea  my-md-3 d-none d-md-block  js--hideme\" data-anim=\"fadeInRight\"  style=\"\"><\/div>\n\n\n<p><strong>Atri<\/strong> \u00e8 un museo a cielo aperto forgiato dal tempo. \u00c8 una cittadina conosciuta per i suoi <strong>calanchi<\/strong>, note anche come \u201cBolge dantesche\u201d, ossia particolari colline caratterizzate da accentuati fenomeni di erosione prodotti dallo scorrimento delle acque su rocce argillose. <br>Per tutta l\u2019estate, attraverso un <strong>tour guidato<\/strong>, \u00e8 possibile scoprire questo spettacolo che la natura ha realizzato in milioni di anni e che oggi \u00e8 un habitat ideale per molte specie di flora e fauna.<\/p>\n\n\n\n<p><br>Amanti dell\u2019arte, Atri \u00e8 piena di meraviglie anche per voi: perch\u00e9 non rendere indimenticabile la vostra visita della citt\u00e0 con la <strong>magia che solo la notte pu\u00f2 regalare<\/strong>? Non perdetevi le passeggiate organizzate alla scoperta di monumenti, palazzi d\u2019epoca e mostre contemporanee, nella frescura che solo la regina delle colline d\u2019Abruzzo pu\u00f2 donare. Vivrete <strong>una serata<\/strong> all\u2019insegna dell\u2019arte, della storia e della cultura in un ambiente frizzante e vivace, con eventi e spettacoli che animeranno la serata.<\/p>\n\n\n<\/div>\n    <\/div>\n<\/div>\n<\/section>\n\n<section class=\"wao-blocks-container container-fluid mb-0 g--bkg-light-01  pr-md-0\"\n\t\t>\n    \n<div class=\"wao-blocks-row row\" >\n    \n\n<div class=\"col-12 col-lg-2\"\n     \n\t \n\t>\n            <\/div>\n\n\n<div class=\"col-12 col-md-8 p-md-5 p-4\"\n     \n\t \n\t>\n        \n\n<h2 class=\"wp-block-heading\" id=\"newsletter\">Newsletter<\/h2>\n\n\n\n<p class=\"h3 \">Per ricevere tutte le novit\u00e0<\/p>\n\n\n<script src=\"https:\/\/www.google.com\/recaptcha\/enterprise.js?render=6LdKs-6Lc3xMIcAAAAAO2K3CkgGUYb6BcsBOk289jP7NUP\"><\/script>\n<div class=\"l--box-newsletter wao-blocks-nav-tab\" >\n    <form class=\"custom\" name=\"iscrizione_newsletter\" id=\"iscrizione_newsletter\" method=\"post\" autocomplete=\"OFF\">\n        <fieldset>\n            <div class=\"form-group row\">\n                <div id=\"newsletter\" class=\"col-12 col-lg-12 mx-auto\">\n<input value=\"on\" type=\"checkbox\" name=\"news_privacy\" id=\"news_privacy\">\n<label for=\"news_privacy\">*\n    <small>\n        <a href=\"javascript:void(0)\" title=\"privacy\"\n            class=\"privacy link-privacy-policy \" style=\"cursor: pointer;\">\n            Accetto privacy\n        <\/a>\n    <\/small>\n<\/label>\n<\/div>                <div class=\"col-12 col-lg-4 mx-auto\">\n                    <input type=\"text\" class=\"form-control g--bkg-light-04 rounded-0 border-0 mb-2\" id=\"news_nome\" name=\"nome\" placeholder=\"Nome*\">\n                <\/div>\n                <div class=\"col-12 col-lg-4 mx-auto\">\n                    <input type=\"text\" class=\"form-control g--bkg-light-04 rounded-0 border-0 mb-2\" id=\"news_email\" name=\"email\" value=\"\" placeholder=\"Email*\">\n                <\/div>\n                                <div class=\"col-12 col-lg-4 mx-auto\">\n                    <button class=\"btn btn-secondary btn-block text-uppercase rounded-0 border-0\"type=\"submit\" id=\"iscrizioneNewsletter\">\n                        Iscriviti\n                    <\/button>\n                    <input name=\"dominio\" type=\"hidden\" value=\"https:\/\/www.bostonalba.it\/fr\/\">\n                    <input name=\"idHotel\" type=\"hidden\" value=\"359\">\n                    <input name=\"lingua\" type=\"hidden\" value=\"it\">\n                <\/div>\n            <\/div>\n        <\/fieldset>\n    <\/form>\n<\/div>\n<div id=\"divAlert\" class=\"h-50 w-50 m-auto alert-info d-none\" style=\"position: fixed; top: 10px; left: 10px; right: 10px; bottom: 10px; z-index: 2000; overflow: auto\">\n\t<div class=\"text-right\">\n\t\t<a class=\"btn btn-primary btn_chiudi \" href=\"javascript:void(0)\" onclick=\"location.reload(true);\" title=\"Chiudi\"><i class=\"fa fa-times\" aria-hidden=\"true\"><\/i><\/a>\n\t<\/div>\n\t<div class=\"text-center alert-info l--align-middle-vertical\" style=\"height: calc(100% - 50px);\">\n\t\t<div class=\"logo\"><\/div>\n\t\t<div class=\"text-center h-50 w-50\">\n\t\t\t<span class=\"display-3\"><i class=\"fa fa-paper-plane\" aria-hidden=\"true\"><\/i><\/span>\n\t\t\t<h4>iscrizione alla newsletter completata con successo<\/h4>\n\t\t<\/div>\n\t<\/div>\n<\/div>\n\n    <\/div>\n<\/div>\n<\/section>\n\n<section class=\"wao-blocks-container container-fluid mb-0 g--bkg-light-02  pr-md-0\"\n\t\t>\n    \n<div class=\"wao-blocks-row row\" >\n    \n\n<div class=\"col-12 col-lg-2\"\n     \n\t \n\t>\n            <\/div>\n\n\n<div class=\"col-12 col-lg-4 p-md-5 p-4\"\n     \n\t \n\t>\n        \n\n<h2 class=\"wp-block-heading\" id=\"dove-siamo\">Dove siamo<\/h2>\n\n\n\n<p class=\"h3 \">A pochi passi dal mare<\/p>\n\n\n\n<div class=\"wao-blocks-button my-4 text-left\" >\n\t<a href=\"https:\/\/www.bostonalba.it\/spiaggia\/\" \n\t\tclass=\"btn btn-secondary rounded-0 px-5 border-0 \"\n        title=\"Vai alla pagina spiaggia\" \n\t\t\t\ttitle=\"SPIAGGIA\" \n\t>\t\n\t\t\t\tSPIAGGIA\t\t\t<\/a>\n<\/div>\n    <\/div>\n\n\n<div class=\"col-12 col-lg-6\"\n     \n\t \n\t>\n        \n<iframe class=\"js--lazy-load\" title=\"google map hotel boston alba adriatica\" data-src=\"https:\/\/www.google.com\/maps\/embed?pb=!1m18!1m12!1m3!1d2925.978816579878!2d13.93088991626501!3d42.83106127915836!2m3!1f0!2f0!3f0!3m2!1i1024!2i768!4f13.1!3m3!1m2!1s0x13318cdcb633513d%3A0x7c38b8f6724429fd!2sHotel%20Boston!5e0!3m2!1sit!2sit!4v1642444246492!5m2!1sit!2sit\" width=\"100%\" height=\"100%\" style=\"border:0;\" allowfullscreen=\"\" loading=\"lazy\"><\/iframe>\n    <\/div>\n<\/div>\n<\/section>\n\n<section class=\"wao-blocks-container container-fluid mb-2 g--bkg-dark-03\"\n\t\t>\n    \n<div class=\"wao-blocks-row row\" >\n    \n\n<div class=\"col-12 col-md-12 py-4\"\n     \n\t \n\t>\n        \n\n<h2 class=\"wp-block-heading has-text-align-center text-white mb-4\" id=\"richiedi-un-preventivo\">Richiedi un preventivo<\/h2>\n\n\n<div class=\"mx-auto\" style=\"max-width: 992px;\">\n\n\n<div class=\"merida_root\" id=\"merida_block\"><\/div>\n\n<script>\nvar merida_config_merida_block = {\n    customerId: 359 ,\n    showSuccessModal : true,\n    rootEl: \"merida_block\",\n    childrenAgeMax: 16,\n    childrenAgeMin: 0,\n    layout: \"compact\",\n    language: \"fr\",\n                theme : {\n        colors: {\n            primary: '#f8af0a',\n            primaryTextAlt: '#ffffff',\n            secondary: '#30819c',\n            secondaryTextAlt: '#30819c',\n            text: '#30819c',\n            error: '#cc0033',\n            formBackground: '#8ac6c9',\n            label: '#30819c',\n            labelInput: '#30819c',\n            labelInputActive: '#7ebd6d',\n            inputBackground: '#ffffff',\n            inputBorder: '#ffffff',\n            checkboxBorder: '#ffffff',\n        }\n    },\n    onSuccess : function(res) {\n        \n                        if (typeof(ga) !== 'undefined') {\n                   ga('send', 'event', 'Email', 'Invio', 'Form');\n                }\n                    }\n};\n\n(function(url, cb) {\n    var s = document.createElement(\"script\");\n    s.type = \"text\/javascript\";\n\n    if (s.readyState) { \/\/IE\n        s.onreadystatechange = function() {\n            if (s.readyState == \"loaded\" || s.readyState == \"complete\") {\n                s.onreadystatechange = null;\n                cb();\n            }\n        };\n    } else { \/\/Others\n        s.onload = function() {\n            cb();\n        };\n    }\n\n    s.src = url;\n    document.getElementsByTagName(\"head\")[0].appendChild(s);\n})(\"https:\/\/static.adriasonline.it\/merida\/latest\/merida.js\", function() {\n    window.aoForm = merida(merida_config_merida_block);\n});\n<\/script>\n\n<\/div>\n    <\/div>\n<\/div>\n<\/section>","protected":false},"excerpt":{"rendered":"","protected":false},"author":1,"featured_media":0,"parent":0,"menu_order":0,"comment_status":"closed","ping_status":"closed","template":"","meta":{"footnotes":""},"class_list":["post-1018","page","type-page","status-publish","hentry"],"_links":{"self":[{"href":"https:\/\/www.bostonalba.it\/fr\/wp-json\/wp\/v2\/pages\/1018","targetHints":{"allow":["GET"]}}],"collection":[{"href":"https:\/\/www.bostonalba.it\/fr\/wp-json\/wp\/v2\/pages"}],"about":[{"href":"https:\/\/www.bostonalba.it\/fr\/wp-json\/wp\/v2\/types\/page"}],"author":[{"embeddable":true,"href":"https:\/\/www.bostonalba.it\/fr\/wp-json\/wp\/v2\/users\/1"}],"replies":[{"embeddable":true,"href":"https:\/\/www.bostonalba.it\/fr\/wp-json\/wp\/v2\/comments?post=1018"}],"version-history":[{"count":18,"href":"https:\/\/www.bostonalba.it\/fr\/wp-json\/wp\/v2\/pages\/1018\/revisions"}],"predecessor-version":[{"id":1935,"href":"https:\/\/www.bostonalba.it\/fr\/wp-json\/wp\/v2\/pages\/1018\/revisions\/1935"}],"wp:attachment":[{"href":"https:\/\/www.bostonalba.it\/fr\/wp-json\/wp\/v2\/media?parent=1018"}],"curies":[{"name":"wp","href":"https:\/\/api.w.org\/{rel}","templated":true}]}}