{"id":1029,"date":"2022-01-24T09:46:46","date_gmt":"2022-01-24T08:46:46","guid":{"rendered":"https:\/\/www.bostonalba.it\/?page_id=1029"},"modified":"2026-02-26T15:00:22","modified_gmt":"2026-02-26T14:00:22","slug":"eventi-esperienze","status":"publish","type":"page","link":"https:\/\/www.bostonalba.it\/fr\/eventi-esperienze\/","title":{"rendered":"Que faire ?"},"content":{"rendered":"\n<section class=\"container-fluid js--lazy-load wao-blocks-gallery-slider-flickity h-100 gallery-flickity-98311\" >\n    <article class=\"row\">\n        <div class=\"col-sm-12 p-0 position-relative\">\n            <section class=\"container-fluid js--lazy-load\">\n                <article class=\"row\">\n                    <div class=\"col-sm-12 p-0 position-relative\">\n                        <div class=\"js--flickity l--vh-60-md\" data-cellAlign=\"left\" data-bgLazyLoad=\"1\" data-freeScroll=\"true\" data-wrapAround=\"true\" data-autoPlay=\"2000\" data-pauseAutoPlayOnHover =\"true\" data-prevNextButtons=\"false\" data-contain=\"true\" data-pageDots=\"false\" data-draggable=\"true\" data-groupCells=\"110%\" data-fade=\"true\">\n                                                            <div>\n                                    <div style=\"background: url('https:\/\/www.bostonalba.it\/wp-content\/uploads\/2022\/01\/eventi_brindisi.jpg') center center \/ cover no-repeat rgba(36, 62, 88, 0.5); display: block; width: 100vw;\" class=\"l--vh-60-md \"><\/div>\n                                <\/div>\n                            \n                        <\/div>\n                        <div class=\"position-absolute l--top l--bottom mx-auto l--align-middle-vertical\">\n                            <div class=\"text-over-slider animated zoomIn\" data-anim=\"zoomIn\" data-cof=\"true\" data-cof-rule=\"font-size, 2rem, 2.5rem, 2.5rem, 3rem, 3rem\">\n                                                            <\/div>\n                                                            <div class=\"h-100 w-100 d-flex align-items-start justify-content-center\" style=\"background: rgba(36,62,88,0.5)\" data-cof=\"true\" data-cof-rule=\"font-size, 2rem, 2.5rem, 2.5rem, 3rem, 3rem\">\n                                    <div class=\"position-absolute d-none d-md-block l--bottom js--hideme slogan_home mb-4\" data-anim=\"fadeInUp\" style=\"z-index:1\">\n  <div class=\"text-white h3 display-1\">Eventi ed esperienze<\/div>\n<\/div>                                                                    <\/div>\n                                                    <\/div>\n                    <\/div>\n                <\/article>\n            <\/section>\n        <\/div>\n    <\/article>\n<\/section>\n\n<section class=\"wao-blocks-container container-fluid mb-2\"\n\t\tdata-cof=\"true\" data-cof-rule=\"margin-top, 20px, 20px, 20px, 100px, 100px\" >\n    \n<div class=\"wao-blocks-row row justify-content-center\" >\n    \n\n<div class=\"col-12 col-lg-1\"\n     \n\t \n\t>\n            <\/div>\n\n\n<div class=\"col-12 col-lg-8 u--iniziopagina p-md-5 p-3\"\n     \n\t \n\t>\n        \n<div class=\"px-3\">\n\n\n<h1 class=\"wp-block-heading mb-md-2\">Eventi e manifestazioni<\/h1>\n\n\n\n<h2 class=\"wp-block-heading h3 mb-md-2\">Divertimento e cultura<\/h2>\n\n\n<div class=\"ico-linea  my-md-3 d-none d-md-block  js--hideme\" data-anim=\"fadeInLeft\"  style=\"\"><\/div>\n\n\n<p>Durante l\u2019estate l\u2019Abruzzo si anima di <strong>eventi e manifestazioni<\/strong> che toccano la cultura, l\u2019arte, l\u2019enogastronomia e il divertimento. Ecco qualche consiglio sui principali da non perdere durante le vostre vacanze!<\/p>\n\n\n<\/div>\n    <\/div>\n<\/div>\n<\/section>\n\n<section class=\"wao-blocks-container container-fluid mb-0 py-5 g--bkg-light-02\"\n\t\t>\n    \n<div class=\"wao-blocks-row row\" >\n    \n\n<div class=\"col-12 col-md-6 order-lg-1 order-2 p-0 js--hideme \"\n    data-anim=\"bounceInLeft\"\n     \n\t \n\tdata-cof=\"true\"\n    data-cof-rule=\"z-index, auto,auto,auto,110,100\" >\n        \n    <figure\n        class=\"wao-blocks-immagine-bkg w-100 h-100\"\n        style=\"background: url('https:\/\/www.bostonalba.it\/wp-content\/uploads\/2022\/01\/vino.jpg') center center \/ cover no-repeat; min-height: 350px;\"\n        >\n            <\/figure>\n\n    <\/div>\n\n\n<div class=\"col-12 col-md-6 bkg-pallini-rt p-md-5 p-3 g--bkg-light-04  order-lg-2 order-1\"\n     \n\t \n\tdata-cof=\"true\"\n    data-cof-rule=\"border-right, 0, 0, 0, 2rem solid #d5ebeb, 2rem solid #d5ebeb\" >\n        \n<div class=\"px-3\">\n\n\n<h2 class=\"wp-block-heading mb-md-2\">Eventi di\u2026Vini<\/h2>\n\n\n<div class=\"ico-linea  my-md-3 d-none d-md-block  js--hideme\" data-anim=\"fadeInRight\"  style=\"\"><\/div>\n\n\n<p>Il <strong>Movimento Turismo del Vino<\/strong> \u00e8 approdato anche in Abruzzo e da diverse stagioni sta promuovendo una variet\u00e0 di iniziative legate all'enoturismo.<br>Il concetto principale di questo movimento \u00e8 che produzione e territorio possano generare esperienze ed inedite sfumature.&nbsp;<\/p>\n\n\n\n<p>La promozione delle cantine abruzzesi come luogo turistico, passa per gli eventi che da anni riscuotono grande successo come <strong>Cantine Aperte<\/strong>, a fine maggio, con i produttori che aprono le delle proprie cantine a milioni di <em>winelovers<\/em> desiderosi di scoprire il mondo e la cultura del vino direttamente nei luoghi di produzione, o <strong>Calici di Stelle<\/strong> in agosto, dove il buon bere, eventi, spettacoli, design e arte si uniscono sotto il cielo stellato d\u2019Abruzzo.<\/p>\n\n\n<a href=\"https:\/\/www.bostonalba.it\/pernottamento\/\" class=\"btn buttonPernottamento btn-secondary rounded-0 px-5 border-0 \"><span>SOLO PERNOTTAMENTO<\/span><\/a>\n\n<\/div>\n    <\/div>\n<\/div>\n\n<div class=\"wao-blocks-row row my-5\" >\n    \n\n<div class=\"col-12 col-md-6 bkg-pallini-lb p-md-5 p-3 g--bkg-light-04\"\n     \n\t \n\tdata-cof=\"true\"\n    data-cof-rule=\"border-left, 0, 0, 0, 2rem solid #d5ebeb, 2rem solid #d5ebeb\" >\n        \n<div class=\"px-3\">\n\n\n<h2 class=\"wp-block-heading mb-md-2\">L\u2019artigianato artistico a Guardiagrele<\/h2>\n\n\n<div class=\"ico-linea  my-md-3 d-none d-md-block  js--hideme\" data-anim=\"fadeInLeft\"  style=\"\"><\/div>\n\n\n<p>L'<strong>artigianato<\/strong> in Abruzzo \u00e8 uno dei punti di forza: attivit\u00e0 tradizionale per molti paesi \u00e8 un'occasione per mettere in luce il lavoro e la precisione di veri e propri maestri.<\/p>\n\n\n\n<p>Voce portante dell'artigianato abruzzese \u00e8 la <strong>lavorazione del rame e del ferro<\/strong>: girando per i centri storici si trovano cancellate, ringhiere, lampioni di ferro battuto, che caratterizzano le strade e i vicoli. Ad agosto <strong>a<\/strong> <strong>Guardiagrele si svolge la mostra-mercato dell'artigianato artistico della Majella<\/strong>, occasione per ammirare i capolavori e la loro creazione.<\/p>\n\n\n\n<p>L'Abruzzo \u00e8 inoltre rinomato per l'<strong>arte del tessuto<\/strong>: merletti, ricami, arazzi e tappeti sono il fiore all'occhiello di questa regione. Famose sono le \u201ctarante\u201d, pesanti e colorate coperte di lana tessute a mano.Degna di nota \u00e8 anche la <strong>produzione di ceramica<\/strong> che trova il suo prestigio nella citt\u00e0 di Castelli: i suoi manufatti fanno il giro dei musei e delle fiere dell'artigianato e sono famosi per i suoi colori e decorazioni.<\/p>\n\n\n<a href=\"https:\/\/www.bostonalba.it\/residence\/\" class=\"btn buttonResidence btn-secondary rounded-0 px-5 border-0 \"><span>SCOPRI I NOSTRI RESIDENCE<\/span><\/a>\n\n<\/div>\n    <\/div>\n\n\n<div class=\"col-12 col-md-6 p-0 js--hideme \"\n    data-anim=\"bounceInRight\"\n     \n\t \n\t>\n        \n    <figure\n        class=\"wao-blocks-immagine-bkg w-100 h-100\"\n        style=\"background: url('https:\/\/www.bostonalba.it\/wp-content\/uploads\/2022\/01\/ricamo.jpg') center center \/ cover no-repeat; min-height: 350px;\"\n        >\n            <\/figure>\n\n    <\/div>\n<\/div>\n<\/section>\n\n<section class=\"wao-blocks-container container-fluid mb-0 g--bkg-light-01  pr-md-0\"\n\t\t>\n    \n<div class=\"wao-blocks-row row\" >\n    \n\n<div class=\"col-12 col-lg-2\"\n     \n\t \n\t>\n            <\/div>\n\n\n<div class=\"col-12 col-md-8 p-md-5 p-4\"\n     \n\t \n\t>\n        \n\n<h2 class=\"wp-block-heading\" id=\"newsletter\">Newsletter<\/h2>\n\n\n\n<p class=\"h3 \">Per ricevere tutte le novit\u00e0<\/p>\n\n\n<script src=\"https:\/\/www.google.com\/recaptcha\/enterprise.js?render=6LdKs-6Lc3xMIcAAAAAO2K3CkgGUYb6BcsBOk289jP7NUP\"><\/script>\n<div class=\"l--box-newsletter wao-blocks-nav-tab\" >\n    <form class=\"custom\" name=\"iscrizione_newsletter\" id=\"iscrizione_newsletter\" method=\"post\" autocomplete=\"OFF\">\n        <fieldset>\n            <div class=\"form-group row\">\n                <div id=\"newsletter\" class=\"col-12 col-lg-12 mx-auto\">\n<input value=\"on\" type=\"checkbox\" name=\"news_privacy\" id=\"news_privacy\">\n<label for=\"news_privacy\">*\n    <small>\n        <a href=\"javascript:void(0)\" title=\"privacy\"\n            class=\"privacy link-privacy-policy \" style=\"cursor: pointer;\">\n            Accetto privacy\n        <\/a>\n    <\/small>\n<\/label>\n<\/div>                <div class=\"col-12 col-lg-4 mx-auto\">\n                    <input type=\"text\" class=\"form-control g--bkg-light-04 rounded-0 border-0 mb-2\" id=\"news_nome\" name=\"nome\" placeholder=\"Nome*\">\n                <\/div>\n                <div class=\"col-12 col-lg-4 mx-auto\">\n                    <input type=\"text\" class=\"form-control g--bkg-light-04 rounded-0 border-0 mb-2\" id=\"news_email\" name=\"email\" value=\"\" placeholder=\"Email*\">\n                <\/div>\n                                <div class=\"col-12 col-lg-4 mx-auto\">\n                    <button class=\"btn btn-secondary btn-block text-uppercase rounded-0 border-0\"type=\"submit\" id=\"iscrizioneNewsletter\">\n                        Iscriviti\n                    <\/button>\n                    <input name=\"dominio\" type=\"hidden\" value=\"https:\/\/www.bostonalba.it\/fr\/\">\n                    <input name=\"idHotel\" type=\"hidden\" value=\"359\">\n                    <input name=\"lingua\" type=\"hidden\" value=\"it\">\n                <\/div>\n            <\/div>\n        <\/fieldset>\n    <\/form>\n<\/div>\n<div id=\"divAlert\" class=\"h-50 w-50 m-auto alert-info d-none\" style=\"position: fixed; top: 10px; left: 10px; right: 10px; bottom: 10px; z-index: 2000; overflow: auto\">\n\t<div class=\"text-right\">\n\t\t<a class=\"btn btn-primary btn_chiudi \" href=\"javascript:void(0)\" onclick=\"location.reload(true);\" title=\"Chiudi\"><i class=\"fa fa-times\" aria-hidden=\"true\"><\/i><\/a>\n\t<\/div>\n\t<div class=\"text-center alert-info l--align-middle-vertical\" style=\"height: calc(100% - 50px);\">\n\t\t<div class=\"logo\"><\/div>\n\t\t<div class=\"text-center h-50 w-50\">\n\t\t\t<span class=\"display-3\"><i class=\"fa fa-paper-plane\" aria-hidden=\"true\"><\/i><\/span>\n\t\t\t<h4>iscrizione alla newsletter completata con successo<\/h4>\n\t\t<\/div>\n\t<\/div>\n<\/div>\n\n    <\/div>\n<\/div>\n<\/section>\n\n<section class=\"wao-blocks-container container-fluid mb-0 g--bkg-light-02  pr-md-0\"\n\t\t>\n    \n<div class=\"wao-blocks-row row\" >\n    \n\n<div class=\"col-12 col-lg-2\"\n     \n\t \n\t>\n            <\/div>\n\n\n<div class=\"col-12 col-lg-4 p-md-5 p-4\"\n     \n\t \n\t>\n        \n\n<h2 class=\"wp-block-heading\" id=\"dove-siamo\">Dove siamo<\/h2>\n\n\n\n<p class=\"h3 \">A pochi passi dal mare<\/p>\n\n\n\n<div class=\"wao-blocks-button my-4 text-left\" >\n\t<a href=\"https:\/\/www.bostonalba.it\/spiaggia\/\" \n\t\tclass=\"btn btn-secondary rounded-0 px-5 border-0 \"\n        title=\"Vai alla pagina spiaggia\" \n\t\t\t\ttitle=\"SPIAGGIA\" \n\t>\t\n\t\t\t\tSPIAGGIA\t\t\t<\/a>\n<\/div>\n    <\/div>\n\n\n<div class=\"col-12 col-lg-6\"\n     \n\t \n\t>\n        \n<iframe class=\"js--lazy-load\" title=\"google map hotel boston alba adriatica\" data-src=\"https:\/\/www.google.com\/maps\/embed?pb=!1m18!1m12!1m3!1d2925.978816579878!2d13.93088991626501!3d42.83106127915836!2m3!1f0!2f0!3f0!3m2!1i1024!2i768!4f13.1!3m3!1m2!1s0x13318cdcb633513d%3A0x7c38b8f6724429fd!2sHotel%20Boston!5e0!3m2!1sit!2sit!4v1642444246492!5m2!1sit!2sit\" width=\"100%\" height=\"100%\" style=\"border:0;\" allowfullscreen=\"\" loading=\"lazy\"><\/iframe>\n    <\/div>\n<\/div>\n<\/section>\n\n<section class=\"wao-blocks-container container-fluid mb-2 g--bkg-dark-03\"\n\t\t>\n    \n<div class=\"wao-blocks-row row\" >\n    \n\n<div class=\"col-12 col-md-12 py-4\"\n     \n\t \n\t>\n        \n\n<h2 class=\"wp-block-heading has-text-align-center text-white mb-4\" id=\"richiedi-un-preventivo\">Richiedi un preventivo<\/h2>\n\n\n<div class=\"mx-auto\" style=\"max-width: 992px;\">\n\n\n<div class=\"merida_root\" id=\"merida_block\"><\/div>\n\n<script>\nvar merida_config_merida_block = {\n    customerId: 359 ,\n    showSuccessModal : true,\n    rootEl: \"merida_block\",\n    childrenAgeMax: 16,\n    childrenAgeMin: 0,\n    layout: \"compact\",\n    language: \"fr\",\n                theme : {\n        colors: {\n            primary: '#f8af0a',\n            primaryTextAlt: '#ffffff',\n            secondary: '#30819c',\n            secondaryTextAlt: '#30819c',\n            text: '#30819c',\n            error: '#cc0033',\n            formBackground: '#8ac6c9',\n            label: '#30819c',\n            labelInput: '#30819c',\n            labelInputActive: '#7ebd6d',\n            inputBackground: '#ffffff',\n            inputBorder: '#ffffff',\n            checkboxBorder: '#ffffff',\n        }\n    },\n    onSuccess : function(res) {\n        \n                        if (typeof(ga) !== 'undefined') {\n                   ga('send', 'event', 'Email', 'Invio', 'Form');\n                }\n                    }\n};\n\n(function(url, cb) {\n    var s = document.createElement(\"script\");\n    s.type = \"text\/javascript\";\n\n    if (s.readyState) { \/\/IE\n        s.onreadystatechange = function() {\n            if (s.readyState == \"loaded\" || s.readyState == \"complete\") {\n                s.onreadystatechange = null;\n                cb();\n            }\n        };\n    } else { \/\/Others\n        s.onload = function() {\n            cb();\n        };\n    }\n\n    s.src = url;\n    document.getElementsByTagName(\"head\")[0].appendChild(s);\n})(\"https:\/\/static.adriasonline.it\/merida\/latest\/merida.js\", function() {\n    window.aoForm = merida(merida_config_merida_block);\n});\n<\/script>\n\n<\/div>\n    <\/div>\n<\/div>\n<\/section>","protected":false},"excerpt":{"rendered":"","protected":false},"author":1,"featured_media":0,"parent":0,"menu_order":0,"comment_status":"closed","ping_status":"closed","template":"","meta":{"footnotes":""},"class_list":["post-1029","page","type-page","status-publish","hentry"],"_links":{"self":[{"href":"https:\/\/www.bostonalba.it\/fr\/wp-json\/wp\/v2\/pages\/1029","targetHints":{"allow":["GET"]}}],"collection":[{"href":"https:\/\/www.bostonalba.it\/fr\/wp-json\/wp\/v2\/pages"}],"about":[{"href":"https:\/\/www.bostonalba.it\/fr\/wp-json\/wp\/v2\/types\/page"}],"author":[{"embeddable":true,"href":"https:\/\/www.bostonalba.it\/fr\/wp-json\/wp\/v2\/users\/1"}],"replies":[{"embeddable":true,"href":"https:\/\/www.bostonalba.it\/fr\/wp-json\/wp\/v2\/comments?post=1029"}],"version-history":[{"count":8,"href":"https:\/\/www.bostonalba.it\/fr\/wp-json\/wp\/v2\/pages\/1029\/revisions"}],"predecessor-version":[{"id":1928,"href":"https:\/\/www.bostonalba.it\/fr\/wp-json\/wp\/v2\/pages\/1029\/revisions\/1928"}],"wp:attachment":[{"href":"https:\/\/www.bostonalba.it\/fr\/wp-json\/wp\/v2\/media?parent=1029"}],"curies":[{"name":"wp","href":"https:\/\/api.w.org\/{rel}","templated":true}]}}