{"id":870,"date":"2022-01-20T15:30:13","date_gmt":"2022-01-20T14:30:13","guid":{"rendered":"https:\/\/www.bostonalba.it\/?page_id=870"},"modified":"2026-02-26T15:31:23","modified_gmt":"2026-02-26T14:31:23","slug":"piscina","status":"publish","type":"page","link":"https:\/\/www.bostonalba.it\/fr\/piscina\/","title":{"rendered":"Piscine"},"content":{"rendered":"\n<section class=\"container-fluid js--lazy-load wao-blocks-gallery-slider-flickity h-100 gallery-flickity-97157\" >\n    <article class=\"row\">\n        <div class=\"col-sm-12 p-0 position-relative\">\n            <section class=\"container-fluid js--lazy-load\">\n                <article class=\"row\">\n                    <div class=\"col-sm-12 p-0 position-relative\">\n                        <div class=\"js--flickity l--vh-60-md\" data-cellAlign=\"left\" data-bgLazyLoad=\"1\" data-freeScroll=\"true\" data-wrapAround=\"true\" data-autoPlay=\"2000\" data-pauseAutoPlayOnHover =\"true\" data-prevNextButtons=\"false\" data-contain=\"true\" data-pageDots=\"false\" data-draggable=\"true\" data-groupCells=\"110%\" data-fade=\"true\">\n                                                            <div>\n                                    <div style=\"background: url('https:\/\/www.bostonalba.it\/wp-content\/uploads\/2022\/01\/piscina-01.jpg') center center \/ cover no-repeat rgba(36, 62, 88, 0.5); display: block; width: 100vw;\" class=\"l--vh-60-md \"><\/div>\n                                <\/div>\n                            \n                        <\/div>\n                        <div class=\"position-absolute l--top l--bottom mx-auto l--align-middle-vertical\">\n                            <div class=\"text-over-slider animated zoomIn\" data-anim=\"zoomIn\" data-cof=\"true\" data-cof-rule=\"font-size, 2rem, 2.5rem, 2.5rem, 3rem, 3rem\">\n                                                            <\/div>\n                                                            <div class=\"h-100 w-100 d-flex align-items-start justify-content-center\" style=\"background: rgba(36,62,88,0.5)\" data-cof=\"true\" data-cof-rule=\"font-size, 2rem, 2.5rem, 2.5rem, 3rem, 3rem\">\n                                    <div class=\"position-absolute d-none d-md-block l--bottom js--hideme slogan_home\" data-anim=\"fadeInUp\" style=\"z-index:1\">\n  <div class=\"text-white h3 display-1\">Tutti in acqua!<\/div>\n<\/div>                                                                    <\/div>\n                                                    <\/div>\n                    <\/div>\n                <\/article>\n            <\/section>\n        <\/div>\n    <\/article>\n<\/section>\n\n<section class=\"wao-blocks-container container-fluid mb-0 my-5\"\n\t\t>\n    \n<div class=\"wao-blocks-row row justify-content-center\" >\n    \n\n<div class=\"col-12 col-lg-1\"\n     \n\t \n\t>\n            <\/div>\n\n\n<div class=\"col-12 col-md-8\"\n     \n\t \n\t>\n        \n<div class=\"px-3\">\n\n\n<div class=\"breadcrumb-block\"\n    >\n    <div class=\"text-tertiary small\">\n        <a href=\"https:\/\/www.bostonalba.it\/fr\" rel=\"nofollow\" title=\"Home\">Home &gt;<\/a>\n        Piscina    <\/div>\n<\/div>\n\n<\/div>\n    <\/div>\n<\/div>\n<\/section>\n\n<section class=\"wao-blocks-container container-fluid mb-5\"\n\t\t>\n    \n<div class=\"wao-blocks-row row justify-content-center\" >\n    \n\n<div class=\"col-12 col-lg-1\"\n     \n\t \n\t>\n            <\/div>\n\n\n<div class=\"col-12 col-lg-8\"\n     \n\t \n\t>\n        \n<div class=\"px-3\">\n\n\n<h1 class=\"wp-block-heading mb-md-2\">La nostra Piscina<\/h1>\n\n\n\n<h2 class=\"wp-block-heading h3 mb-md-2\">Bagni e tintarella in hotel<\/h2>\n\n\n<div class=\"ico-linea  my-md-3 d-none d-md-block  js--hideme\" data-anim=\"fadeInLeft\"  style=\"\"><\/div>\n\n\n<p>La nostra piscina \u00e8 una vera e propria <strong>oasi di relax<\/strong> e una fresca alternativa alla spiaggia: situata nella parte posteriore dell\u2019hotel, garantisce a tutti i nostri ospiti <strong>tranquillit\u00e0 e riservatezza<\/strong>.<\/p>\n\n\n\n<p>Sar\u00e0 il vostro angolo speciale, dove potrete trascorrere ore spensierate e divertenti insieme a chi pi\u00f9 amate.<br>Le <strong>vacanze in famiglia<\/strong> non sono mai state cos\u00ec divertenti e rilassanti: i bimbi possono giocare in tutta sicurezza tra tuffi, schizzi e risate, mentre i genitori si rilassano a bordo piscina con un libro, una rivista o un rinfrescante cocktail oppure si godono la tintarella: la piscina infatti \u00e8 sempre assolata durante il giorno.<\/p>\n\n\n<\/div>\n    <\/div>\n<\/div>\n<\/section>\n\n<section class=\"wao-blocks-container container-fluid mb-0 py-5 g--bkg-light-02\"\n\t\t>\n    \n<div class=\"wao-blocks-row row my-5 l--equal-h\" >\n    \n\n<div class=\"col-12 col-md-6 bkg-pallini-lt px-md-5 px-3 g--bkg-light-04 order-md-1 order-2\"\n     \n\t \n\t>\n        \n<div class=\"my-4 p-3\">\n\n\n<h2 class=\"wp-block-heading mb-md-2\">Divertimento a portata di tutti<\/h2>\n\n\n<div class=\"ico-linea  my-md-3 d-none d-md-block  js--hideme\" data-anim=\"fadeInLeft\"  style=\"\"><\/div>\n\n\n<p>La nostra ampia piscina, di 8x15 metri, permette a grandi e piccini di trascorrere ore di pura allegria e relax. Grazie ai suoi <strong>due livelli di profondit\u00e0<\/strong> \u00e8 adatta a tutti: la parte pi\u00f9 profonda \u00e8 di 2,20 metri, mentre quella con profondit\u00e0 minore \u00e8 di 1,30 metri, perfetta per nuotatori meno esperti e bambini, che potranno divertirsi ancora di pi\u00f9 tuffandosi in acqua anche dallo scivolo.<\/p>\n\n\n<\/div>\n    <\/div>\n\n\n<div class=\"col-12 col-md-6 p-0 order-md-2 order-1\"\n     \n\t \n\t>\n        \n\n<div class=\"js--flickity wao-blocks-img-carousel-flickity w-100 h-100 arrow_slider img-carousel-flickity-99163\"\n    data-cof=\"true\" data-cof-rule=\"min-height, 200px, 200px, auto, auto, auto\"     data-cellAlign=\"right\" data-bgLazyLoad=\"1\" data-freeScroll=\"false\" data-wrapAround=\"true\" data-autoPlay=\"4000\" data-pauseAutoPlayOnHover =\"true\" data-prevNextButtons=\"true\" data-contain=\"true\" data-pageDots=\"false\" data-draggable=\"true\" data-initialIndex=\"1\"     >\n                <div class=\"col-12 col-sm-12 col-md-12 p-0 h-100\">\n                                                <div class=\"w-100\" style='background: url(https:\/\/www.bostonalba.it\/wp-content\/uploads\/2022\/01\/piscina-02.jpg); background-size: cover; height: 100%;background-position: 50% 50%;'><\/div>\n                    <\/a>                            \n\n                                            <\/div>\n                        <div class=\"col-12 col-sm-12 col-md-12 p-0 h-100\">\n                                                <div class=\"w-100\" style='background: url(https:\/\/www.bostonalba.it\/wp-content\/uploads\/2022\/01\/piscina-trampolino-1024x595.jpg); background-size: cover; height: 100%;background-position: 50% 50%;'><\/div>\n                    <\/a>                            \n\n                                            <\/div>\n                        <div class=\"col-12 col-sm-12 col-md-12 p-0 h-100\">\n                                                <div class=\"w-100\" style='background: url(https:\/\/www.bostonalba.it\/wp-content\/uploads\/2022\/01\/boston-piscina-5.jpg); background-size: cover; height: 100%;background-position: 50% 50%;'><\/div>\n                    <\/a>                            \n\n                                            <\/div>\n                        <div class=\"col-12 col-sm-12 col-md-12 p-0 h-100\">\n                                                <div class=\"w-100\" style='background: url(https:\/\/www.bostonalba.it\/wp-content\/uploads\/2022\/01\/boston-piscina-4.jpg); background-size: cover; height: 100%;background-position: 50% 50%;'><\/div>\n                    <\/a>                            \n\n                                            <\/div>\n                        <div class=\"col-12 col-sm-12 col-md-12 p-0 h-100\">\n                                                <div class=\"w-100\" style='background: url(https:\/\/www.bostonalba.it\/wp-content\/uploads\/2022\/01\/piscina-hotel-1024x583.jpg); background-size: cover; height: 100%;background-position: 50% 50%;'><\/div>\n                    <\/a>                            \n\n                                            <\/div>\n            <\/div>\n\n\n    <\/div>\n<\/div>\n\n<div class=\"wao-blocks-row row\" >\n    \n\n<div class=\"col-12 col-md-6 p-0 js--hideme \"\n    data-anim=\"bounceInLeft\"\n     \n\t \n\tdata-cof=\"true\"\n    data-cof-rule=\"z-index, auto,auto,auto,110,100\" >\n        \n    <figure\n        class=\"wao-blocks-immagine-bkg w-100 h-100\"\n        style=\"background: url('https:\/\/www.bostonalba.it\/wp-content\/uploads\/2022\/01\/boston-piscina-3.jpg') center center \/ cover no-repeat; min-height: 350px;\"\n        >\n            <\/figure>\n\n    <\/div>\n\n\n<div class=\"col-12 col-md-6 bkg-pallini-rt p-md-5 p-3 g--bkg-light-04\"\n     \n\t \n\tdata-cof=\"true\"\n    data-cof-rule=\"border-right, 0, 0, 0, 2rem solid #d5ebeb, 2rem solid #d5ebeb\" >\n        \n<div class=\"px-3\">\n\n\n<h2 class=\"wp-block-heading mb-md-2\">Con lettini e ombrelloni per un'abbronzatura perfetta<\/h2>\n\n\n<div class=\"ico-linea  my-md-3 d-none d-md-block  js--hideme\" data-anim=\"fadeInRight\"  style=\"\"><\/div>\n\n\n<p>Crema solare, costume, telo e siete pronti per il sole!La vostra tintarella a fine vacanza sar\u00e0 sicuramente al top: la piscina \u00e8 infatti <strong>sempre esposta al sole<\/strong> durante la giornata ed \u00e8 dotata di lettini prendisole. Per chi invece preferisce l\u2019ombra o \u00e8 alla ricerca di un po' di refrigerio nelle calde giornate estive, gli <strong>ombrelloni<\/strong> che fanno da cornice alla piscina sono il posto perfetto sotto i quali rilassarsi come pi\u00f9 desiderate.<\/p>\n\n\n<\/div>\n    <\/div>\n<\/div>\n<\/section>\n\n<section class=\"wao-blocks-container container-fluid mb-0 g--bkg-dark-01\"\n\t\t>\n    \n<div class=\"wao-blocks-row row justify-content-center\" >\n    \n\n<div class=\"col-12 col-lg-6\"\n     \n\t \n\t>\n        \n<div class=\"px-3 py-5 text-white mx-auto max-w-600px text-center\">\n\n\n<h2 class=\"wp-block-heading text-white mb-3\">Recensioni<\/h2>\n\n\n\n<p class=\"h3 mb-md-3\">Dicono di noi<\/p>\n\n\n<div id=\"innerblocks-slider-parent1\" data-wrapAround='true' data-cellAlign=\"right\" data-bgLazyLoad=\"1\" data-freeScroll=\"false\" data-autoPlay=\"9000\" data-pauseAutoPlayOnHover =\"true\" data-prevNextButtons=\"false\" data-contain=\"true\" data-pageDots=\"true\" data-draggable=\"true\"  class=\"wrap-desktop js--flickity wao-blocks-slider innerblocks-slider-parent-21470\"  style=\"margin-bottom: 35px\">\n            <div class=\"col-12 col-md-12 col-lg-12 p-0\" style=\"height:200px\">\n            \n    <div \n        class='innerblocks-slider-child wao-blocks-innerblocks-slider-child' \n        >\n        \n<div>\n\n\n<p>Hotel molto comodo per chi soggiorna ad Alba Adriatica, facilmente raggiungibile a piedi dalla fermata degli autobus che arrivano da Roma. Spiaggia attrezzata davanti all\u2019hotel, basta solo attraversare la strada. Camere pulite e letti comodi.<\/p>\n\n\n<\/div>\n    <\/div>\n    <style>\n        @media screen and (max-width: 992px) {\n            .innerblocks-slider-child {\n                margin: auto !important;\n            }\n        }\n    <\/style>\n  \n\n        <\/div>\n            <div class=\"col-12 col-md-12 col-lg-12 p-0\" style=\"height:200px\">\n            \n    <div \n        class='innerblocks-slider-child wao-blocks-innerblocks-slider-child' \n        >\n        \n<div>\n\n\n<p>Anche quest'anno per il quarto anno siamo stati da voi e siamo stati bene personale gentilissimo professionale come tutti gli anni massima disponibilit\u00e0. Ottimo anche da parte dei nostri amici a quattro zampe. [...]<\/p>\n\n\n<\/div>\n    <\/div>\n    <style>\n        @media screen and (max-width: 992px) {\n            .innerblocks-slider-child {\n                margin: auto !important;\n            }\n        }\n    <\/style>\n  \n\n        <\/div>\n            <div class=\"col-12 col-md-12 col-lg-12 p-0\" style=\"height:200px\">\n            \n    <div \n        class='innerblocks-slider-child wao-blocks-innerblocks-slider-child' \n        >\n        \n<div>\n\n\n<p>Abbiamo avuto esigenza di soggiornare in questo albergo, ottimo rapporto per avere il preventivo e la conferma della prenotazione. All arrivo personale molto gentile e disponibile. Stanza perfetta e pulita e con ogni confort, che affacciava lateralmente sul mare, una stanza fresca che non ha avuto necessit\u00e0 dell aria condizionata. Abbiamo usato anche la piscina , e ci siamo divertiti a rinfrescarci. Nessun problema con il cagnolino e nessuna tassa extra da pagare per lui. Ci ritorneremo sicuramente<\/p>\n\n\n<\/div>\n    <\/div>\n    <style>\n        @media screen and (max-width: 992px) {\n            .innerblocks-slider-child {\n                margin: auto !important;\n            }\n        }\n    <\/style>\n  \n        <\/div>\n    <\/div>\n<div id=\"innerblocks-slider-parent2\"  data-wrapAround='true' data-cellAlign=\"right\" data-bgLazyLoad=\"1\" data-freeScroll=\"false\" data-autoPlay=\"9000\" data-pauseAutoPlayOnHover =\"true\" data-prevNextButtons=\"false\" data-contain=\"true\" data-pageDots=\"true\" data-draggable=\"true\" class=\"wrap-mobile js--flickity wao-blocks-slider innerblocks-slider-parent-21470\"  style=\"margin-bottom: 35px\">\n            <div class=\"col-12 col-md-12 col-lg-12 p-0\" style=\"height:200px\">\n            \n    <div \n        class='innerblocks-slider-child wao-blocks-innerblocks-slider-child' \n        >\n        \n<div>\n\n\n<p>Hotel molto comodo per chi soggiorna ad Alba Adriatica, facilmente raggiungibile a piedi dalla fermata degli autobus che arrivano da Roma. Spiaggia attrezzata davanti all\u2019hotel, basta solo attraversare la strada. Camere pulite e letti comodi.<\/p>\n\n\n<\/div>\n    <\/div>\n    <style>\n        @media screen and (max-width: 992px) {\n            .innerblocks-slider-child {\n                margin: auto !important;\n            }\n        }\n    <\/style>\n  \n\n        <\/div>\n            <div class=\"col-12 col-md-12 col-lg-12 p-0\" style=\"height:200px\">\n            \n    <div \n        class='innerblocks-slider-child wao-blocks-innerblocks-slider-child' \n        >\n        \n<div>\n\n\n<p>Anche quest'anno per il quarto anno siamo stati da voi e siamo stati bene personale gentilissimo professionale come tutti gli anni massima disponibilit\u00e0. Ottimo anche da parte dei nostri amici a quattro zampe. [...]<\/p>\n\n\n<\/div>\n    <\/div>\n    <style>\n        @media screen and (max-width: 992px) {\n            .innerblocks-slider-child {\n                margin: auto !important;\n            }\n        }\n    <\/style>\n  \n\n        <\/div>\n            <div class=\"col-12 col-md-12 col-lg-12 p-0\" style=\"height:200px\">\n            \n    <div \n        class='innerblocks-slider-child wao-blocks-innerblocks-slider-child' \n        >\n        \n<div>\n\n\n<p>Abbiamo avuto esigenza di soggiornare in questo albergo, ottimo rapporto per avere il preventivo e la conferma della prenotazione. All arrivo personale molto gentile e disponibile. Stanza perfetta e pulita e con ogni confort, che affacciava lateralmente sul mare, una stanza fresca che non ha avuto necessit\u00e0 dell aria condizionata. Abbiamo usato anche la piscina , e ci siamo divertiti a rinfrescarci. Nessun problema con il cagnolino e nessuna tassa extra da pagare per lui. Ci ritorneremo sicuramente<\/p>\n\n\n<\/div>\n    <\/div>\n    <style>\n        @media screen and (max-width: 992px) {\n            .innerblocks-slider-child {\n                margin: auto !important;\n            }\n        }\n    <\/style>\n  \n        <\/div>\n    <\/div>\n\n<\/div>\n    <\/div>\n\n\n<div class=\"col-12 col-md-6 g--bkg-light-04\"\n     \n\t \n\t>\n        \n<div class=\"px-3 py-5 mx-auto max-w-600px text-center\">\n\n\n<h2 class=\"wp-block-heading\" id=\"domande-frequenti\">FAQ<\/h2>\n\n\n\n<p class=\"h3 mb-md-3\">Domade frequenti<\/p>\n\n\n<div class=\"ico-linea mx-auto  my-md-3 d-none d-md-block  js--hideme\" data-anim=\"fadeInLeft\"  ><\/div>\n\n\n<p>Una piccola guida per organizzare al meglio le vostre vacanze nel nostro Hotel ad Alba Adriatica.<\/p>\n\n\n<a href=\"https:\/\/www.bostonalba.it\/faq\/\" title=\"Vai alla faq\" class=\"btn btn-secondary rounded-0 px-5 border-0 \"><span>SCOPRI<\/span><\/a>\n<\/div>\n    <\/div>\n<\/div>\n<\/section>\n\n<section class=\"wao-blocks-container container-fluid mb-0 g--bkg-light-01  pr-md-0\"\n\t\t>\n    \n<div class=\"wao-blocks-row row\" >\n    \n\n<div class=\"col-12 col-lg-2\"\n     \n\t \n\t>\n            <\/div>\n\n\n<div class=\"col-12 col-md-8 p-md-5 p-4\"\n     \n\t \n\t>\n        \n\n<h2 class=\"wp-block-heading\" id=\"newsletter\">Newsletter<\/h2>\n\n\n\n<p class=\"h3 \">Per ricevere tutte le novit\u00e0<\/p>\n\n\n<script src=\"https:\/\/www.google.com\/recaptcha\/enterprise.js?render=6LdKs-6Lc3xMIcAAAAAO2K3CkgGUYb6BcsBOk289jP7NUP\"><\/script>\n<div class=\"l--box-newsletter wao-blocks-nav-tab\" >\n    <form class=\"custom\" name=\"iscrizione_newsletter\" id=\"iscrizione_newsletter\" method=\"post\" autocomplete=\"OFF\">\n        <fieldset>\n            <div class=\"form-group row\">\n                <div id=\"newsletter\" class=\"col-12 col-lg-12 mx-auto\">\n<input value=\"on\" type=\"checkbox\" name=\"news_privacy\" id=\"news_privacy\">\n<label for=\"news_privacy\">*\n    <small>\n        <a href=\"javascript:void(0)\" title=\"privacy\"\n            class=\"privacy link-privacy-policy \" style=\"cursor: pointer;\">\n            Accetto privacy\n        <\/a>\n    <\/small>\n<\/label>\n<\/div>                <div class=\"col-12 col-lg-4 mx-auto\">\n                    <input type=\"text\" class=\"form-control g--bkg-light-04 rounded-0 border-0 mb-2\" id=\"news_nome\" name=\"nome\" placeholder=\"Nome*\">\n                <\/div>\n                <div class=\"col-12 col-lg-4 mx-auto\">\n                    <input type=\"text\" class=\"form-control g--bkg-light-04 rounded-0 border-0 mb-2\" id=\"news_email\" name=\"email\" value=\"\" placeholder=\"Email*\">\n                <\/div>\n                                <div class=\"col-12 col-lg-4 mx-auto\">\n                    <button class=\"btn btn-secondary btn-block text-uppercase rounded-0 border-0\"type=\"submit\" id=\"iscrizioneNewsletter\">\n                        Iscriviti\n                    <\/button>\n                    <input name=\"dominio\" type=\"hidden\" value=\"https:\/\/www.bostonalba.it\/fr\/\">\n                    <input name=\"idHotel\" type=\"hidden\" value=\"359\">\n                    <input name=\"lingua\" type=\"hidden\" value=\"it\">\n                <\/div>\n            <\/div>\n        <\/fieldset>\n    <\/form>\n<\/div>\n<div id=\"divAlert\" class=\"h-50 w-50 m-auto alert-info d-none\" style=\"position: fixed; top: 10px; left: 10px; right: 10px; bottom: 10px; z-index: 2000; overflow: auto\">\n\t<div class=\"text-right\">\n\t\t<a class=\"btn btn-primary btn_chiudi \" href=\"javascript:void(0)\" onclick=\"location.reload(true);\" title=\"Chiudi\"><i class=\"fa fa-times\" aria-hidden=\"true\"><\/i><\/a>\n\t<\/div>\n\t<div class=\"text-center alert-info l--align-middle-vertical\" style=\"height: calc(100% - 50px);\">\n\t\t<div class=\"logo\"><\/div>\n\t\t<div class=\"text-center h-50 w-50\">\n\t\t\t<span class=\"display-3\"><i class=\"fa fa-paper-plane\" aria-hidden=\"true\"><\/i><\/span>\n\t\t\t<h4>iscrizione alla newsletter completata con successo<\/h4>\n\t\t<\/div>\n\t<\/div>\n<\/div>\n\n    <\/div>\n<\/div>\n<\/section>\n\n<section class=\"wao-blocks-container container-fluid mb-0 g--bkg-light-02  pr-md-0\"\n\t\t>\n    \n<div class=\"wao-blocks-row row\" >\n    \n\n<div class=\"col-12 col-lg-2\"\n     \n\t \n\t>\n            <\/div>\n\n\n<div class=\"col-12 col-lg-4 p-md-5 p-4\"\n     \n\t \n\t>\n        \n\n<h2 class=\"wp-block-heading\" id=\"dove-siamo\">Dove siamo<\/h2>\n\n\n\n<p class=\"h3 \">A pochi passi dal mare<\/p>\n\n\n\n<div class=\"wao-blocks-button my-4 text-left\" >\n\t<a href=\"https:\/\/www.bostonalba.it\/spiaggia\/\" \n\t\tclass=\"btn btn-secondary rounded-0 px-5 border-0 \"\n        title=\"Vai alla pagina spiaggia\" \n\t\t\t\ttitle=\"SPIAGGIA\" \n\t>\t\n\t\t\t\tSPIAGGIA\t\t\t<\/a>\n<\/div>\n    <\/div>\n\n\n<div class=\"col-12 col-lg-6\"\n     \n\t \n\t>\n        \n<iframe class=\"js--lazy-load\" title=\"google map hotel boston alba adriatica\" data-src=\"https:\/\/www.google.com\/maps\/embed?pb=!1m18!1m12!1m3!1d2925.978816579878!2d13.93088991626501!3d42.83106127915836!2m3!1f0!2f0!3f0!3m2!1i1024!2i768!4f13.1!3m3!1m2!1s0x13318cdcb633513d%3A0x7c38b8f6724429fd!2sHotel%20Boston!5e0!3m2!1sit!2sit!4v1642444246492!5m2!1sit!2sit\" width=\"100%\" height=\"100%\" style=\"border:0;\" allowfullscreen=\"\" loading=\"lazy\"><\/iframe>\n    <\/div>\n<\/div>\n<\/section>\n\n<section class=\"wao-blocks-container container-fluid mb-2 g--bkg-dark-03\"\n\t\t>\n    \n<div class=\"wao-blocks-row row\" >\n    \n\n<div class=\"col-12 col-md-12 py-4\"\n     \n\t \n\t>\n        \n\n<h2 class=\"wp-block-heading has-text-align-center text-white mb-4\" id=\"richiedi-un-preventivo\">Richiedi un preventivo<\/h2>\n\n\n<div class=\"mx-auto\" style=\"max-width: 992px;\">\n\n\n<div class=\"merida_root\" id=\"merida_block\"><\/div>\n\n<script>\nvar merida_config_merida_block = {\n    customerId: 359 ,\n    showSuccessModal : true,\n    rootEl: \"merida_block\",\n    childrenAgeMax: 16,\n    childrenAgeMin: 0,\n    layout: \"compact\",\n    language: \"fr\",\n                theme : {\n        colors: {\n            primary: '#f8af0a',\n            primaryTextAlt: '#ffffff',\n            secondary: '#30819c',\n            secondaryTextAlt: '#30819c',\n            text: '#30819c',\n            error: '#cc0033',\n            formBackground: '#8ac6c9',\n            label: '#30819c',\n            labelInput: '#30819c',\n            labelInputActive: '#7ebd6d',\n            inputBackground: '#ffffff',\n            inputBorder: '#ffffff',\n            checkboxBorder: '#ffffff',\n        }\n    },\n    onSuccess : function(res) {\n        \n                        if (typeof(ga) !== 'undefined') {\n                   ga('send', 'event', 'Email', 'Invio', 'Form');\n                }\n                    }\n};\n\n(function(url, cb) {\n    var s = document.createElement(\"script\");\n    s.type = \"text\/javascript\";\n\n    if (s.readyState) { \/\/IE\n        s.onreadystatechange = function() {\n            if (s.readyState == \"loaded\" || s.readyState == \"complete\") {\n                s.onreadystatechange = null;\n                cb();\n            }\n        };\n    } else { \/\/Others\n        s.onload = function() {\n            cb();\n        };\n    }\n\n    s.src = url;\n    document.getElementsByTagName(\"head\")[0].appendChild(s);\n})(\"https:\/\/static.adriasonline.it\/merida\/latest\/merida.js\", function() {\n    window.aoForm = merida(merida_config_merida_block);\n});\n<\/script>\n\n<\/div>\n    <\/div>\n<\/div>\n<\/section>","protected":false},"excerpt":{"rendered":"","protected":false},"author":1,"featured_media":0,"parent":0,"menu_order":0,"comment_status":"closed","ping_status":"closed","template":"","meta":{"footnotes":""},"class_list":["post-870","page","type-page","status-publish","hentry"],"_links":{"self":[{"href":"https:\/\/www.bostonalba.it\/fr\/wp-json\/wp\/v2\/pages\/870","targetHints":{"allow":["GET"]}}],"collection":[{"href":"https:\/\/www.bostonalba.it\/fr\/wp-json\/wp\/v2\/pages"}],"about":[{"href":"https:\/\/www.bostonalba.it\/fr\/wp-json\/wp\/v2\/types\/page"}],"author":[{"embeddable":true,"href":"https:\/\/www.bostonalba.it\/fr\/wp-json\/wp\/v2\/users\/1"}],"replies":[{"embeddable":true,"href":"https:\/\/www.bostonalba.it\/fr\/wp-json\/wp\/v2\/comments?post=870"}],"version-history":[{"count":19,"href":"https:\/\/www.bostonalba.it\/fr\/wp-json\/wp\/v2\/pages\/870\/revisions"}],"predecessor-version":[{"id":1959,"href":"https:\/\/www.bostonalba.it\/fr\/wp-json\/wp\/v2\/pages\/870\/revisions\/1959"}],"wp:attachment":[{"href":"https:\/\/www.bostonalba.it\/fr\/wp-json\/wp\/v2\/media?parent=870"}],"curies":[{"name":"wp","href":"https:\/\/api.w.org\/{rel}","templated":true}]}}